{"id":2,"date":"2025-10-01T15:59:23","date_gmt":"2025-10-01T15:59:23","guid":{"rendered":"https:\/\/didakopiak.rkinformatika.online\/?page_id=2"},"modified":"2025-10-03T16:18:46","modified_gmt":"2025-10-03T16:18:46","slug":"inicio","status":"publish","type":"page","link":"https:\/\/didakopiak.es\/eu\/","title":{"rendered":"Hasiera"},"content":{"rendered":"\t\t<div data-elementor-type=\"wp-page\" data-elementor-id=\"2\" class=\"elementor elementor-2\" data-elementor-post-type=\"page\">\n\t\t\t\t\t\t<section class=\"elementor-section elementor-top-section elementor-element elementor-element-86e6e72 elementor-section-boxed elementor-section-height-default elementor-section-height-default\" data-id=\"86e6e72\" data-element_type=\"section\" data-e-type=\"section\" data-settings=\"{&quot;background_background&quot;:&quot;slideshow&quot;,&quot;background_slideshow_gallery&quot;:[{&quot;id&quot;:148,&quot;url&quot;:&quot;https:\\\/\\\/didakopiak.es\\\/wp-content\\\/uploads\\\/2025\\\/10\\\/2149142155.jpg&quot;},{&quot;id&quot;:149,&quot;url&quot;:&quot;https:\\\/\\\/didakopiak.es\\\/wp-content\\\/uploads\\\/2025\\\/10\\\/10950857.jpg&quot;},{&quot;id&quot;:153,&quot;url&quot;:&quot;https:\\\/\\\/didakopiak.es\\\/wp-content\\\/uploads\\\/2025\\\/10\\\/2148591300.jpg&quot;}],&quot;background_slideshow_ken_burns&quot;:&quot;yes&quot;,&quot;background_slideshow_loop&quot;:&quot;yes&quot;,&quot;background_slideshow_slide_duration&quot;:5000,&quot;background_slideshow_slide_transition&quot;:&quot;fade&quot;,&quot;background_slideshow_transition_duration&quot;:500,&quot;background_slideshow_ken_burns_zoom_direction&quot;:&quot;in&quot;}\">\n\t\t\t\t\t\t\t<div class=\"elementor-background-overlay\"><\/div>\n\t\t\t\t\t\t\t<div class=\"elementor-container elementor-column-gap-default\">\n\t\t\t\t\t<div class=\"elementor-column elementor-col-100 elementor-top-column elementor-element elementor-element-a7a9692\" data-id=\"a7a9692\" data-element_type=\"column\" data-e-type=\"column\">\n\t\t\t<div class=\"elementor-widget-wrap elementor-element-populated\">\n\t\t\t\t\t\t<div class=\"elementor-element elementor-element-f3fb29a elementor-widget elementor-widget-heading\" data-id=\"f3fb29a\" data-element_type=\"widget\" data-e-type=\"widget\" data-widget_type=\"heading.default\">\n\t\t\t\t\t<h2 class=\"elementor-heading-title elementor-size-default\">Copias, dise\u00f1o gr\u00e1fico e <br>impresi\u00f3n textil<\/h2>\t\t\t\t<\/div>\n\t\t\t\t<div class=\"elementor-element elementor-element-b1342dc elementor-widget elementor-widget-button\" data-id=\"b1342dc\" data-element_type=\"widget\" data-e-type=\"widget\" data-widget_type=\"button.default\">\n\t\t\t\t\t\t\t\t\t\t<a class=\"elementor-button elementor-button-link elementor-size-sm elementor-animation-float\" href=\"\/servicios\">\n\t\t\t\t\t\t<span class=\"elementor-button-content-wrapper\">\n\t\t\t\t\t\t\t\t\t<span class=\"elementor-button-text\">Servicios<\/span>\n\t\t\t\t\t<\/span>\n\t\t\t\t\t<\/a>\n\t\t\t\t\t\t\t\t<\/div>\n\t\t\t\t\t<\/div>\n\t\t<\/div>\n\t\t\t\t\t<\/div>\n\t\t<\/section>\n\t\t<div class=\"elementor-element elementor-element-21435b0 e-flex e-con-boxed elementor-invisible e-con e-parent\" data-id=\"21435b0\" data-element_type=\"container\" data-e-type=\"container\" data-settings=\"{&quot;animation&quot;:&quot;fadeInDown&quot;}\">\n\t\t\t\t\t<div class=\"e-con-inner\">\n\t\t<div class=\"elementor-element elementor-element-a57594e e-con-full e-flex e-con e-child\" data-id=\"a57594e\" data-element_type=\"container\" data-e-type=\"container\">\n\t\t\t\t<div class=\"elementor-element elementor-element-e73b8ec elementor-widget-divider--view-line_text elementor-widget-divider--element-align-right elementor-widget elementor-widget-divider\" data-id=\"e73b8ec\" data-element_type=\"widget\" data-e-type=\"widget\" data-widget_type=\"divider.default\">\n\t\t\t\t\t\t\t<div class=\"elementor-divider\">\n\t\t\t<span class=\"elementor-divider-separator\">\n\t\t\t\t\t\t\t<span class=\"elementor-divider__text elementor-divider__element\">\n\t\t\t\tSOBRE NOSOTROS\t\t\t\t<\/span>\n\t\t\t\t\t\t<\/span>\n\t\t<\/div>\n\t\t\t\t\t\t<\/div>\n\t\t\t\t<div class=\"elementor-element elementor-element-ec2e155 elementor-widget elementor-widget-heading\" data-id=\"ec2e155\" data-element_type=\"widget\" data-e-type=\"widget\" data-widget_type=\"heading.default\">\n\t\t\t\t\t<h2 class=\"elementor-heading-title elementor-size-default\">Di-Da kopiak<\/h2>\t\t\t\t<\/div>\n\t\t\t\t<div class=\"elementor-element elementor-element-9361fb3 elementor-widget elementor-widget-text-editor\" data-id=\"9361fb3\" data-element_type=\"widget\" data-e-type=\"widget\" data-widget_type=\"text-editor.default\">\n\t\t\t\t\t\t\t\t\t<p>Somos especialistas en dise\u00f1o gr\u00e1fico e impresi\u00f3n de tarjetas de visita, carteles, cartas de men\u00fa, vinilos y en maquetaci\u00f3n de textos de alta calidad.<\/p><p>Nuestro enfoque se centra en crear dise\u00f1os \u00fanicos y atractivos que capten la atenci\u00f3n de tus clientes.\u00a0<\/p>\t\t\t\t\t\t\t\t<\/div>\n\t\t\t\t<div class=\"elementor-element elementor-element-619e9e3 elementor-widget elementor-widget-button\" data-id=\"619e9e3\" data-element_type=\"widget\" data-e-type=\"widget\" data-widget_type=\"button.default\">\n\t\t\t\t\t\t\t\t\t\t<a class=\"elementor-button elementor-button-link elementor-size-sm elementor-animation-float\" href=\"\/servicios\">\n\t\t\t\t\t\t<span class=\"elementor-button-content-wrapper\">\n\t\t\t\t\t\t\t\t\t<span class=\"elementor-button-text\">Servicios<\/span>\n\t\t\t\t\t<\/span>\n\t\t\t\t\t<\/a>\n\t\t\t\t\t\t\t\t<\/div>\n\t\t\t\t<\/div>\n\t\t<div class=\"elementor-element elementor-element-14aa7fc e-con-full e-flex e-con e-child\" data-id=\"14aa7fc\" data-element_type=\"container\" data-e-type=\"container\">\n\t\t\t\t<div class=\"elementor-element elementor-element-cd6e237 elementor--h-position-center elementor--v-position-middle elementor-arrows-position-inside elementor-pagination-position-inside elementor-widget elementor-widget-slides\" data-id=\"cd6e237\" data-element_type=\"widget\" data-e-type=\"widget\" data-settings=\"{&quot;navigation&quot;:&quot;both&quot;,&quot;autoplay&quot;:&quot;yes&quot;,&quot;pause_on_hover&quot;:&quot;yes&quot;,&quot;pause_on_interaction&quot;:&quot;yes&quot;,&quot;autoplay_speed&quot;:5000,&quot;infinite&quot;:&quot;yes&quot;,&quot;transition&quot;:&quot;slide&quot;,&quot;transition_speed&quot;:500}\" data-widget_type=\"slides.default\">\n\t\t\t\t\t\t\t\t\t\t<div class=\"elementor-slides-wrapper elementor-main-swiper swiper\" role=\"region\" aria-roledescription=\"carousel\" aria-label=\"Slides\" dir=\"ltr\" data-animation=\"fadeInUp\">\n\t\t\t\t<div class=\"swiper-wrapper elementor-slides\">\n\t\t\t\t\t\t\t\t\t\t<div class=\"elementor-repeater-item-b6d86de swiper-slide\" role=\"group\" aria-roledescription=\"slide\"><div class=\"swiper-slide-bg\" role=\"img\" aria-label=\"pegatinas especiales\"><\/div><div class=\"swiper-slide-inner\" ><div class=\"swiper-slide-contents\"><\/div><\/div><\/div><div class=\"elementor-repeater-item-575fd0b swiper-slide\" role=\"group\" aria-roledescription=\"slide\"><div class=\"swiper-slide-bg\" role=\"img\" aria-label=\"sobres\"><\/div><div class=\"swiper-slide-inner\" ><div class=\"swiper-slide-contents\"><\/div><\/div><\/div><div class=\"elementor-repeater-item-34869da swiper-slide\" role=\"group\" aria-roledescription=\"slide\"><div class=\"swiper-slide-bg\" role=\"img\" aria-label=\"tajetas especiales\"><\/div><div class=\"swiper-slide-inner\" ><div class=\"swiper-slide-contents\"><\/div><\/div><\/div><div class=\"elementor-repeater-item-6858c5b swiper-slide\" role=\"group\" aria-roledescription=\"slide\"><div class=\"swiper-slide-bg\" role=\"img\" aria-label=\"revista\"><\/div><div class=\"swiper-slide-inner\" ><div class=\"swiper-slide-contents\"><\/div><\/div><\/div>\t\t\t\t<\/div>\n\t\t\t\t\t\t\t\t\t\t\t\t\t\t\t<div class=\"elementor-swiper-button elementor-swiper-button-prev\" role=\"button\" tabindex=\"0\" aria-label=\"Diapositiva anterior\">\n\t\t\t\t\t\t\t<svg aria-hidden=\"true\" class=\"e-font-icon-svg e-eicon-chevron-left\" viewBox=\"0 0 1000 1000\" xmlns=\"http:\/\/www.w3.org\/2000\/svg\"><path d=\"M646 125C629 125 613 133 604 142L308 442C296 454 292 471 292 487 292 504 296 521 308 533L604 854C617 867 629 875 646 875 663 875 679 871 692 858 704 846 713 829 713 812 713 796 708 779 692 767L438 487 692 225C700 217 708 204 708 187 708 171 704 154 692 142 675 129 663 125 646 125Z\"><\/path><\/svg>\t\t\t\t\t\t<\/div>\n\t\t\t\t\t\t<div class=\"elementor-swiper-button elementor-swiper-button-next\" role=\"button\" tabindex=\"0\" aria-label=\"Diapositiva siguiente\">\n\t\t\t\t\t\t\t<svg aria-hidden=\"true\" class=\"e-font-icon-svg e-eicon-chevron-right\" viewBox=\"0 0 1000 1000\" xmlns=\"http:\/\/www.w3.org\/2000\/svg\"><path d=\"M696 533C708 521 713 504 713 487 713 471 708 454 696 446L400 146C388 133 375 125 354 125 338 125 325 129 313 142 300 154 292 171 292 187 292 204 296 221 308 233L563 492 304 771C292 783 288 800 288 817 288 833 296 850 308 863 321 871 338 875 354 875 371 875 388 867 400 854L696 533Z\"><\/path><\/svg>\t\t\t\t\t\t<\/div>\n\t\t\t\t\t\t\t\t\t\t\t\t\t\t\t\t<div class=\"swiper-pagination\"><\/div>\n\t\t\t\t\t\t\t\t\t\t\t\t<\/div>\n\t\t\t\t\t\t\t\t<\/div>\n\t\t\t\t<\/div>\n\t\t\t\t\t<\/div>\n\t\t\t\t<\/div>\n\t\t<div class=\"elementor-element elementor-element-74431e4 e-flex e-con-boxed e-con e-parent\" data-id=\"74431e4\" data-element_type=\"container\" data-e-type=\"container\" data-settings=\"{&quot;background_background&quot;:&quot;classic&quot;}\">\n\t\t\t\t\t<div class=\"e-con-inner\">\n\t\t\t\t<div class=\"elementor-element elementor-element-c57b588 elementor-invisible elementor-widget elementor-widget-heading\" data-id=\"c57b588\" data-element_type=\"widget\" data-e-type=\"widget\" data-settings=\"{&quot;_animation&quot;:&quot;fadeInRight&quot;}\" data-widget_type=\"heading.default\">\n\t\t\t\t\t<h2 class=\"elementor-heading-title elementor-size-default\">\u00a1Ofrecen muchos m\u00e1s servicios que la copister\u00eda, servicio muy r\u00e1pido y perfecto! <\/h2>\t\t\t\t<\/div>\n\t\t\t\t<div class=\"elementor-element elementor-element-9f3bfc5 elementor-widget elementor-widget-button\" data-id=\"9f3bfc5\" data-element_type=\"widget\" data-e-type=\"widget\" data-widget_type=\"button.default\">\n\t\t\t\t\t\t\t\t\t\t<a class=\"elementor-button elementor-button-link elementor-size-sm elementor-animation-float\" href=\"\/servicios\">\n\t\t\t\t\t\t<span class=\"elementor-button-content-wrapper\">\n\t\t\t\t\t\t\t\t\t<span class=\"elementor-button-text\">Servicios<\/span>\n\t\t\t\t\t<\/span>\n\t\t\t\t\t<\/a>\n\t\t\t\t\t\t\t\t<\/div>\n\t\t\t\t\t<\/div>\n\t\t\t\t<\/div>\n\t\t<div class=\"elementor-element elementor-element-f363534 e-flex e-con-boxed elementor-invisible e-con e-parent\" data-id=\"f363534\" data-element_type=\"container\" data-e-type=\"container\" data-settings=\"{&quot;animation&quot;:&quot;fadeInDown&quot;}\">\n\t\t\t\t\t<div class=\"e-con-inner\">\n\t\t<div class=\"elementor-element elementor-element-16a41d6 e-con-full e-flex e-con e-child\" data-id=\"16a41d6\" data-element_type=\"container\" data-e-type=\"container\">\n\t\t\t\t<div class=\"elementor-element elementor-element-7334309 elementor-flip-box--effect-slide elementor-flip-box--direction-up elementor-widget elementor-widget-flip-box\" data-id=\"7334309\" data-element_type=\"widget\" data-e-type=\"widget\" data-widget_type=\"flip-box.default\">\n\t\t\t\t\t\t\t<div class=\"elementor-flip-box\" tabindex=\"0\">\n\t\t\t<div class=\"elementor-flip-box__layer elementor-flip-box__front\">\n\t\t\t\t<div class=\"elementor-flip-box__layer__overlay\">\n\t\t\t\t\t<div class=\"elementor-flip-box__layer__inner\">\n\t\t\t\t\t\t\n\t\t\t\t\t\t\n\t\t\t\t\t\t\t\t\t\t\t<\/div>\n\t\t\t\t<\/div>\n\t\t\t<\/div>\n\t\t\t<div class=\"elementor-flip-box__layer elementor-flip-box__back\">\n\t\t\t<div class=\"elementor-flip-box__layer__overlay\">\n\t\t\t\t<div class=\"elementor-flip-box__layer__inner\">\n\t\t\t\t\t\n\t\t\t\t\t\n\t\t\t\t\t\t\t\t<\/div>\n\t\t<\/div>\n\t\t<\/div>\n\t\t<\/div>\n\t\t\t\t\t\t<\/div>\n\t\t\t\t<\/div>\n\t\t<div class=\"elementor-element elementor-element-b23190f e-con-full e-flex e-con e-child\" data-id=\"b23190f\" data-element_type=\"container\" data-e-type=\"container\">\n\t\t\t\t<div class=\"elementor-element elementor-element-b87001a elementor-widget-divider--view-line_text elementor-widget-divider--element-align-right elementor-widget elementor-widget-divider\" data-id=\"b87001a\" data-element_type=\"widget\" data-e-type=\"widget\" data-widget_type=\"divider.default\">\n\t\t\t\t\t\t\t<div class=\"elementor-divider\">\n\t\t\t<span class=\"elementor-divider-separator\">\n\t\t\t\t\t\t\t<span class=\"elementor-divider__text elementor-divider__element\">\n\t\t\t\tSATISFACCI\u00d3N\t\t\t\t<\/span>\n\t\t\t\t\t\t<\/span>\n\t\t<\/div>\n\t\t\t\t\t\t<\/div>\n\t\t\t\t<div class=\"elementor-element elementor-element-1bdb4e2 elementor-widget elementor-widget-heading\" data-id=\"1bdb4e2\" data-element_type=\"widget\" data-e-type=\"widget\" data-widget_type=\"heading.default\">\n\t\t\t\t\t<h2 class=\"elementor-heading-title elementor-size-default\">variedad de articulos<\/h2>\t\t\t\t<\/div>\n\t\t\t\t<div class=\"elementor-element elementor-element-c30652c elementor-widget elementor-widget-text-editor\" data-id=\"c30652c\" data-element_type=\"widget\" data-e-type=\"widget\" data-widget_type=\"text-editor.default\">\n\t\t\t\t\t\t\t\t\t<p>Adem\u00e1s, ahora tambi\u00e9n ofrecemos un servicio personalizado para todo tipo de ropa, asegurando que cada prenda refleje tu estilo y marca de manera excepcional.<\/p><p>Art\u00edculos de papeler\u00eda para la vida diaria, materiales de oficina, o servicios de impresi\u00f3n y copiado, estamos aqu\u00ed para satisfacer sus necesidades y asegurar su satisfacci\u00f3n.<\/p>\t\t\t\t\t\t\t\t<\/div>\n\t\t\t\t<div class=\"elementor-element elementor-element-5fec030 elementor-align-right elementor-widget elementor-widget-button\" data-id=\"5fec030\" data-element_type=\"widget\" data-e-type=\"widget\" data-widget_type=\"button.default\">\n\t\t\t\t\t\t\t\t\t\t<a class=\"elementor-button elementor-button-link elementor-size-sm elementor-animation-float\" href=\"\/servicios\">\n\t\t\t\t\t\t<span class=\"elementor-button-content-wrapper\">\n\t\t\t\t\t\t\t\t\t<span class=\"elementor-button-text\">Servicios<\/span>\n\t\t\t\t\t<\/span>\n\t\t\t\t\t<\/a>\n\t\t\t\t\t\t\t\t<\/div>\n\t\t\t\t<\/div>\n\t\t\t\t\t<\/div>\n\t\t\t\t<\/div>\n\t\t\t\t<\/div>\n\t\t","protected":false},"excerpt":{"rendered":"<p>Copias, dise\u00f1o gr\u00e1fico e impresi\u00f3n textil Servicios SOBRE NOSOTROS Di-Da kopiak Somos especialistas en dise\u00f1o gr\u00e1fico e impresi\u00f3n de tarjetas de visita, carteles, cartas de men\u00fa, vinilos y en maquetaci\u00f3n de textos de alta calidad. Nuestro enfoque se centra en crear dise\u00f1os \u00fanicos y atractivos que capten la atenci\u00f3n de tus clientes.\u00a0 Servicios \u00a1Ofrecen muchos [&hellip;]<\/p>\n","protected":false},"author":1,"featured_media":0,"parent":0,"menu_order":0,"comment_status":"closed","ping_status":"closed","template":"elementor_canvas","meta":{"footnotes":""},"class_list":["post-2","page","type-page","status-publish","hentry"],"yoast_head":"<!-- This site is optimized with the Yoast SEO plugin v27.3 - https:\/\/yoast.com\/product\/yoast-seo-wordpress\/ -->\n<title>Inicio - Di-Da Kopiak<\/title>\n<meta name=\"robots\" content=\"index, follow, max-snippet:-1, max-image-preview:large, max-video-preview:-1\" \/>\n<link rel=\"canonical\" href=\"https:\/\/didakopiak.es\/eu\/\" \/>\n<meta property=\"og:locale\" content=\"en_US\" \/>\n<meta property=\"og:type\" content=\"article\" \/>\n<meta property=\"og:title\" content=\"Inicio - Di-Da Kopiak\" \/>\n<meta property=\"og:description\" content=\"Copias, dise\u00f1o gr\u00e1fico e impresi\u00f3n textil Servicios SOBRE NOSOTROS Di-Da kopiak Somos especialistas en dise\u00f1o gr\u00e1fico e impresi\u00f3n de tarjetas de visita, carteles, cartas de men\u00fa, vinilos y en maquetaci\u00f3n de textos de alta calidad. Nuestro enfoque se centra en crear dise\u00f1os \u00fanicos y atractivos que capten la atenci\u00f3n de tus clientes.\u00a0 Servicios \u00a1Ofrecen muchos [&hellip;]\" \/>\n<meta property=\"og:url\" content=\"https:\/\/didakopiak.es\/eu\/\" \/>\n<meta property=\"og:site_name\" content=\"Di-Da Kopiak\" \/>\n<meta property=\"article:modified_time\" content=\"2025-10-03T16:18:46+00:00\" \/>\n<meta name=\"twitter:card\" content=\"summary_large_image\" \/>\n<meta name=\"twitter:label1\" content=\"Est. reading time\" \/>\n\t<meta name=\"twitter:data1\" content=\"1 minutua\" \/>\n<script type=\"application\/ld+json\" class=\"yoast-schema-graph\">{\"@context\":\"https:\\\/\\\/schema.org\",\"@graph\":[{\"@type\":\"WebPage\",\"@id\":\"https:\\\/\\\/didakopiak.es\\\/\",\"url\":\"https:\\\/\\\/didakopiak.es\\\/\",\"name\":\"Inicio - Di-Da Kopiak\",\"isPartOf\":{\"@id\":\"https:\\\/\\\/didakopiak.es\\\/#website\"},\"datePublished\":\"2025-10-01T15:59:23+00:00\",\"dateModified\":\"2025-10-03T16:18:46+00:00\",\"breadcrumb\":{\"@id\":\"https:\\\/\\\/didakopiak.es\\\/#breadcrumb\"},\"inLanguage\":\"eu\",\"potentialAction\":[{\"@type\":\"ReadAction\",\"target\":[\"https:\\\/\\\/didakopiak.es\\\/\"]}]},{\"@type\":\"BreadcrumbList\",\"@id\":\"https:\\\/\\\/didakopiak.es\\\/#breadcrumb\",\"itemListElement\":[{\"@type\":\"ListItem\",\"position\":1,\"name\":\"Portada\",\"item\":\"https:\\\/\\\/didakopiak.es\\\/\"},{\"@type\":\"ListItem\",\"position\":2,\"name\":\"Inicio\"}]},{\"@type\":\"WebSite\",\"@id\":\"https:\\\/\\\/didakopiak.es\\\/#website\",\"url\":\"https:\\\/\\\/didakopiak.es\\\/\",\"name\":\"Di-Da Kopiak\",\"description\":\"Di-Da Kopiak\",\"publisher\":{\"@id\":\"https:\\\/\\\/didakopiak.es\\\/#organization\"},\"potentialAction\":[{\"@type\":\"SearchAction\",\"target\":{\"@type\":\"EntryPoint\",\"urlTemplate\":\"https:\\\/\\\/didakopiak.es\\\/?s={search_term_string}\"},\"query-input\":{\"@type\":\"PropertyValueSpecification\",\"valueRequired\":true,\"valueName\":\"search_term_string\"}}],\"inLanguage\":\"eu\"},{\"@type\":\"Organization\",\"@id\":\"https:\\\/\\\/didakopiak.es\\\/#organization\",\"name\":\"Di-Da Kopiak\",\"url\":\"https:\\\/\\\/didakopiak.es\\\/\",\"logo\":{\"@type\":\"ImageObject\",\"inLanguage\":\"eu\",\"@id\":\"https:\\\/\\\/didakopiak.es\\\/#\\\/schema\\\/logo\\\/image\\\/\",\"url\":\"https:\\\/\\\/didakopiak.es\\\/wp-content\\\/uploads\\\/2025\\\/10\\\/DI-DA-logo.png\",\"contentUrl\":\"https:\\\/\\\/didakopiak.es\\\/wp-content\\\/uploads\\\/2025\\\/10\\\/DI-DA-logo.png\",\"width\":1103,\"height\":1103,\"caption\":\"Di-Da Kopiak\"},\"image\":{\"@id\":\"https:\\\/\\\/didakopiak.es\\\/#\\\/schema\\\/logo\\\/image\\\/\"}}]}<\/script>\n<!-- \/ Yoast SEO plugin. -->","yoast_head_json":{"title":"Inicio - Di-Da Kopiak","robots":{"index":"index","follow":"follow","max-snippet":"max-snippet:-1","max-image-preview":"max-image-preview:large","max-video-preview":"max-video-preview:-1"},"canonical":"https:\/\/didakopiak.es\/eu\/","og_locale":"en_US","og_type":"article","og_title":"Inicio - Di-Da Kopiak","og_description":"Copias, dise\u00f1o gr\u00e1fico e impresi\u00f3n textil Servicios SOBRE NOSOTROS Di-Da kopiak Somos especialistas en dise\u00f1o gr\u00e1fico e impresi\u00f3n de tarjetas de visita, carteles, cartas de men\u00fa, vinilos y en maquetaci\u00f3n de textos de alta calidad. Nuestro enfoque se centra en crear dise\u00f1os \u00fanicos y atractivos que capten la atenci\u00f3n de tus clientes.\u00a0 Servicios \u00a1Ofrecen muchos [&hellip;]","og_url":"https:\/\/didakopiak.es\/eu\/","og_site_name":"Di-Da Kopiak","article_modified_time":"2025-10-03T16:18:46+00:00","twitter_card":"summary_large_image","twitter_misc":{"Est. reading time":"1 minutua"},"schema":{"@context":"https:\/\/schema.org","@graph":[{"@type":"WebPage","@id":"https:\/\/didakopiak.es\/","url":"https:\/\/didakopiak.es\/","name":"Inicio - Di-Da Kopiak","isPartOf":{"@id":"https:\/\/didakopiak.es\/#website"},"datePublished":"2025-10-01T15:59:23+00:00","dateModified":"2025-10-03T16:18:46+00:00","breadcrumb":{"@id":"https:\/\/didakopiak.es\/#breadcrumb"},"inLanguage":"eu","potentialAction":[{"@type":"ReadAction","target":["https:\/\/didakopiak.es\/"]}]},{"@type":"BreadcrumbList","@id":"https:\/\/didakopiak.es\/#breadcrumb","itemListElement":[{"@type":"ListItem","position":1,"name":"Portada","item":"https:\/\/didakopiak.es\/"},{"@type":"ListItem","position":2,"name":"Inicio"}]},{"@type":"WebSite","@id":"https:\/\/didakopiak.es\/#website","url":"https:\/\/didakopiak.es\/","name":"Di-Da Kopiak","description":"Di-Da Kopiak","publisher":{"@id":"https:\/\/didakopiak.es\/#organization"},"potentialAction":[{"@type":"SearchAction","target":{"@type":"EntryPoint","urlTemplate":"https:\/\/didakopiak.es\/?s={search_term_string}"},"query-input":{"@type":"PropertyValueSpecification","valueRequired":true,"valueName":"search_term_string"}}],"inLanguage":"eu"},{"@type":"Organization","@id":"https:\/\/didakopiak.es\/#organization","name":"Di-Da Kopiak","url":"https:\/\/didakopiak.es\/","logo":{"@type":"ImageObject","inLanguage":"eu","@id":"https:\/\/didakopiak.es\/#\/schema\/logo\/image\/","url":"https:\/\/didakopiak.es\/wp-content\/uploads\/2025\/10\/DI-DA-logo.png","contentUrl":"https:\/\/didakopiak.es\/wp-content\/uploads\/2025\/10\/DI-DA-logo.png","width":1103,"height":1103,"caption":"Di-Da Kopiak"},"image":{"@id":"https:\/\/didakopiak.es\/#\/schema\/logo\/image\/"}}]}},"_links":{"self":[{"href":"https:\/\/didakopiak.es\/eu\/wp-json\/wp\/v2\/pages\/2","targetHints":{"allow":["GET"]}}],"collection":[{"href":"https:\/\/didakopiak.es\/eu\/wp-json\/wp\/v2\/pages"}],"about":[{"href":"https:\/\/didakopiak.es\/eu\/wp-json\/wp\/v2\/types\/page"}],"author":[{"embeddable":true,"href":"https:\/\/didakopiak.es\/eu\/wp-json\/wp\/v2\/users\/1"}],"replies":[{"embeddable":true,"href":"https:\/\/didakopiak.es\/eu\/wp-json\/wp\/v2\/comments?post=2"}],"version-history":[{"count":73,"href":"https:\/\/didakopiak.es\/eu\/wp-json\/wp\/v2\/pages\/2\/revisions"}],"predecessor-version":[{"id":484,"href":"https:\/\/didakopiak.es\/eu\/wp-json\/wp\/v2\/pages\/2\/revisions\/484"}],"wp:attachment":[{"href":"https:\/\/didakopiak.es\/eu\/wp-json\/wp\/v2\/media?parent=2"}],"curies":[{"name":"wp","href":"https:\/\/api.w.org\/{rel}","templated":true}]}}